{"id":10,"date":"2012-11-06T11:04:26","date_gmt":"2012-11-06T09:04:26","guid":{"rendered":"http:\/\/www.necrocomicon.fi\/?page_id=10"},"modified":"2019-11-14T12:47:02","modified_gmt":"2019-11-14T12:47:02","slug":"ohjelma","status":"publish","type":"page","link":"https:\/\/www.necrocomicon.fi\/?page_id=10","title":{"rendered":"OHJELMA"},"content":{"rendered":"<div class=\"\" data-block=\"true\" data-editor=\"3kina\" data-offset-key=\"fq6qe-0-0\"><\/div>\n<div class=\"\" data-block=\"true\" data-editor=\"3kina\" data-offset-key=\"eheqc-0-0\">\n<div class=\"_1mf _1mj\" data-offset-key=\"eheqc-0-0\"><span data-offset-key=\"eheqc-0-0\"><\/span><\/div>\n<\/div>\n<p>Ohjelma on nyt julkaistu, muutokset eritt\u00e4in todenn\u00e4k\u00f6isi\u00e4 Necron tuntien!<\/p>\n<p>17.00 Tervetuliaissanat, P\u00f6yt\u00e4ohjelman, logokilpailun ja antologian teeman julkistukset<\/p>\n<p>Senpai ry:n j\u00e4rjest\u00e4m\u00e4 animekaraoke aloittaa alakerrassa. Kaikki halukkaat p\u00e4\u00e4sev\u00e4t laulamaan! Karaoke py\u00f6rii koko alkuillan ajan Portin alakerrassa.<\/p>\n<p>17.30 Mirka Ulanto ja Asko Alanen keskustelevat erityisesti scifisarjakuvien k\u00e4\u00e4nt\u00e4misen haasteista<\/p>\n<p>18.00 Haastattelussa Avi Heikkinen (Valotusaika)<\/p>\n<p>18.30 Haastattelussa kunniavieras P. A. Manninen! Lis\u00e4ksi Vesa Kataisto -kiertopalkinnon jako<\/p>\n<p>19.00 Todellisuus v. scifi -paneeli, Tuuli Hypen, Johannes Leino, Sippo Mentunen, Tuomas Myllyl\u00e4<\/p>\n<p>El\u00e4mme vuotta 2019, Blade Runnerin ja Akiran tapahtuma-aikoja. Mutta n\u00e4ytt\u00e4\u00e4k\u00f6 tai tuntuuko silt\u00e4, ett\u00e4 el\u00e4mme tulevaisuudessa? Voimme oppia jotain l\u00e4hitulevaisuuteen sijoittuvista sarjakuvista, kirjoista, peleist\u00e4 tai elokuvista? Ja jos t\u00e4m\u00e4 on paras mahdollinen tulevaisuus, niin millaisia ovatkaan ne muut vaihtoehdot?<\/p>\n<p>19.30 Haastattelussa Pauli Hirtolahti (Kakkaukko 3)<\/p>\n<p>20.00 Sarjakuvabattle!<\/p>\n<p>&#8220;Mad&#8221; Max Sarin vs. Tuomas &#8220;Master Blaster&#8221; Myllyl\u00e4 mittelev\u00e4t kykyj\u00e4\u00e4n live-sarjakuvan piirt\u00e4misen haastavassa lajissa. Juontajana Vesa Kataisto.<\/p>\n<p>20.30 P\u00f6yt\u00e4kilpailun voittaja, Vuoden Tursake -palkinnon jako<\/p>\n<p>21.00 Lappi &#038; Korhonen esitt\u00e4v\u00e4t lauluja Fallout-pelisarjasta<\/p>\n<p>21.30 Possible Space esiintyy<\/p>\n<p>22.00 &#8212;> DJ Tekri, Tex Chiller ja Kit Arson h\u00e4mm\u00e4stytt\u00e4v\u00e4t DJ-taidoillaan<\/p>\n","protected":false},"excerpt":{"rendered":"<p>Ohjelma on nyt julkaistu, muutokset eritt\u00e4in todenn\u00e4k\u00f6isi\u00e4 Necron tuntien! 17.00 Tervetuliaissanat, P\u00f6yt\u00e4ohjelman, logokilpailun ja antologian teeman julkistukset Senpai ry:n j\u00e4rjest\u00e4m\u00e4 animekaraoke aloittaa alakerrassa. Kaikki halukkaat p\u00e4\u00e4sev\u00e4t laulamaan! Karaoke py\u00f6rii koko alkuillan ajan Portin alakerrassa. 17.30 Mirka Ulanto ja Asko Alanen &hellip; <a class=\"more-link\" href=\"https:\/\/www.necrocomicon.fi\/?page_id=10\">Continue reading <span class=\"meta-nav\">&rarr;<\/span><\/a><\/p>\n","protected":false},"author":1,"featured_media":0,"parent":0,"menu_order":0,"comment_status":"closed","ping_status":"closed","template":"","meta":{"footnotes":""},"class_list":["post-10","page","type-page","status-publish","hentry"],"_links":{"self":[{"href":"https:\/\/www.necrocomicon.fi\/index.php?rest_route=\/wp\/v2\/pages\/10","targetHints":{"allow":["GET"]}}],"collection":[{"href":"https:\/\/www.necrocomicon.fi\/index.php?rest_route=\/wp\/v2\/pages"}],"about":[{"href":"https:\/\/www.necrocomicon.fi\/index.php?rest_route=\/wp\/v2\/types\/page"}],"author":[{"embeddable":true,"href":"https:\/\/www.necrocomicon.fi\/index.php?rest_route=\/wp\/v2\/users\/1"}],"replies":[{"embeddable":true,"href":"https:\/\/www.necrocomicon.fi\/index.php?rest_route=%2Fwp%2Fv2%2Fcomments&post=10"}],"version-history":[{"count":46,"href":"https:\/\/www.necrocomicon.fi\/index.php?rest_route=\/wp\/v2\/pages\/10\/revisions"}],"predecessor-version":[{"id":210,"href":"https:\/\/www.necrocomicon.fi\/index.php?rest_route=\/wp\/v2\/pages\/10\/revisions\/210"}],"wp:attachment":[{"href":"https:\/\/www.necrocomicon.fi\/index.php?rest_route=%2Fwp%2Fv2%2Fmedia&parent=10"}],"curies":[{"name":"wp","href":"https:\/\/api.w.org\/{rel}","templated":true}]}}