{"id":45,"date":"2012-11-06T12:30:14","date_gmt":"2012-11-06T10:30:14","guid":{"rendered":"http:\/\/www.necrocomicon.fi\/?page_id=45"},"modified":"2019-10-28T09:52:00","modified_gmt":"2019-10-28T09:52:00","slug":"etusivu","status":"publish","type":"page","link":"https:\/\/www.necrocomicon.fi\/","title":{"rendered":"ETUSIVU"},"content":{"rendered":"<p>Necrocomicon on vuotuinen Turussa j\u00e4rjestett\u00e4v\u00e4 sarjakuvap\u00e4iv\u00e4. Vuonna 2019 tapahtuma j\u00e4rjestet\u00e4\u00e4n lauantaina marraskuun 16. p\u00e4iv\u00e4n\u00e4 anniskeluliike Portissa (H\u00e4meenkatu 7, 20500 Turku). Tapahtumaan on koko p\u00e4iv\u00e4n ja illan vapaa p\u00e4\u00e4sy. Iltaa voi jatkaa y\u00f6h\u00f6n asti bailaten!<\/p>\n<p>Aiempien Necrojen tapaan tapahtuma on kaikille sarjakuvaharrastajille ja sarjakuvista kiinnostuneille suunnattu, mutta kaikelle kansalle vapaa, hyvin turkulainen ilmi\u00f6. Tapahtuman j\u00e4rjest\u00e4\u00e4 Turun Sarjakuvakerho ry.<\/p>\n<p>T\u00e4m\u00e4n vuoden teema on haettu luontevasti l\u00e4hitulevaisuuden visiosta: Blade Runner, Akira, cyberpunk&#8230; El\u00e4mme merkitt\u00e4v\u00e4\u00e4 scifivuotta 2019, mutta n\u00e4kyyk\u00f6 se el\u00e4m\u00e4ss\u00e4mme? Miten hyvin populaarikulttuuri on ennustanut n\u00e4m\u00e4 ajat?<\/p>\n<p>Sarjakuvap\u00e4iv\u00e4n ohjelma sis\u00e4lt\u00e4\u00e4 pienlehtimyynti\u00e4, sarjakuvataiteilijoiden esittelyj\u00e4 ja haastatteluja, paneelikeskusteluja, yleis\u00f6kilpailun, kohtaamisia ja kohkaamisia &#8211; hauskanpitoa sarjakuvateemoin. Palkintoja jaetaan, sarjakuvaa kaupataan kaikelle kansalle ja yleisesti pidet\u00e4\u00e4n muuten vaan mukavaa. Seuraa tilannetta, ohjelmanumeroita p\u00e4ivitet\u00e4\u00e4n sit\u00e4 mukaa, kun ne varmistuvat.<\/p>\n<p>Tervetuloa!<\/p>\n<p>&nbsp;<\/p>\n<p>&nbsp;<\/p>\n<p>&nbsp;<\/p>\n<p>&nbsp;<\/p>\n<p>&nbsp;<\/p>\n","protected":false},"excerpt":{"rendered":"<p>Necrocomicon on vuotuinen Turussa j\u00e4rjestett\u00e4v\u00e4 sarjakuvap\u00e4iv\u00e4. Vuonna 2019 tapahtuma j\u00e4rjestet\u00e4\u00e4n lauantaina marraskuun 16. p\u00e4iv\u00e4n\u00e4 anniskeluliike Portissa (H\u00e4meenkatu 7, 20500 Turku). Tapahtumaan on koko p\u00e4iv\u00e4n ja illan vapaa p\u00e4\u00e4sy. Iltaa voi jatkaa y\u00f6h\u00f6n asti bailaten! Aiempien Necrojen tapaan tapahtuma on kaikille &hellip; <a class=\"more-link\" href=\"https:\/\/www.necrocomicon.fi\/\">Continue reading <span class=\"meta-nav\">&rarr;<\/span><\/a><\/p>\n","protected":false},"author":1,"featured_media":0,"parent":0,"menu_order":0,"comment_status":"closed","ping_status":"closed","template":"","meta":{"footnotes":""},"class_list":["post-45","page","type-page","status-publish","hentry"],"_links":{"self":[{"href":"https:\/\/www.necrocomicon.fi\/index.php?rest_route=\/wp\/v2\/pages\/45","targetHints":{"allow":["GET"]}}],"collection":[{"href":"https:\/\/www.necrocomicon.fi\/index.php?rest_route=\/wp\/v2\/pages"}],"about":[{"href":"https:\/\/www.necrocomicon.fi\/index.php?rest_route=\/wp\/v2\/types\/page"}],"author":[{"embeddable":true,"href":"https:\/\/www.necrocomicon.fi\/index.php?rest_route=\/wp\/v2\/users\/1"}],"replies":[{"embeddable":true,"href":"https:\/\/www.necrocomicon.fi\/index.php?rest_route=%2Fwp%2Fv2%2Fcomments&post=45"}],"version-history":[{"count":17,"href":"https:\/\/www.necrocomicon.fi\/index.php?rest_route=\/wp\/v2\/pages\/45\/revisions"}],"predecessor-version":[{"id":204,"href":"https:\/\/www.necrocomicon.fi\/index.php?rest_route=\/wp\/v2\/pages\/45\/revisions\/204"}],"wp:attachment":[{"href":"https:\/\/www.necrocomicon.fi\/index.php?rest_route=%2Fwp%2Fv2%2Fmedia&parent=45"}],"curies":[{"name":"wp","href":"https:\/\/api.w.org\/{rel}","templated":true}]}}